{"id":10,"date":"2026-04-07T08:52:05","date_gmt":"2026-04-07T08:52:05","guid":{"rendered":"https:\/\/sametozdem.com\/?page_id=10"},"modified":"2026-04-07T10:21:07","modified_gmt":"2026-04-07T10:21:07","slug":"giris","status":"publish","type":"page","link":"https:\/\/sametozdem.com\/","title":{"rendered":"G\u00fc\u00e7l\u00fc Temeller, B\u00fcy\u00fck Yar\u0131nlar"},"content":{"rendered":"\n<p><em>Benim i\u00e7in muvaffakiyet, yaln\u0131zca ekonomik neticelerden ibaret de\u011fildir; g\u00fcven, itibar, devaml\u0131l\u0131k ve topluma b\u0131rak\u0131lan k\u0131ymetli izlerle mana kazan\u0131r. Finans, k\u0131ymetli madenler, turizm, teknoloji ve daha nice alana uzanan bak\u0131\u015f a\u00e7\u0131m, memleketine inanan, istikbali \u00f6nemseyen ve kal\u0131c\u0131 fayda \u00fcretmeyi gaye edinen bir hayat anlay\u0131\u015f\u0131n\u0131n ifadesidir.<\/em><\/p>\n","protected":false},"excerpt":{"rendered":"<p>Benim i\u00e7in muvaffakiyet, yaln\u0131zca ekonomik neticelerden ibaret de\u011fildir; g\u00fcven, itibar, devaml\u0131l\u0131k ve topluma b\u0131rak\u0131lan k\u0131ymetli izlerle mana kazan\u0131r. Finans, k\u0131ymetli madenler, turizm, teknoloji ve daha nice alana uzanan bak\u0131\u015f a\u00e7\u0131m, memleketine inanan, istikbali \u00f6nemseyen ve kal\u0131c\u0131 fayda \u00fcretmeyi gaye edinen bir hayat anlay\u0131\u015f\u0131n\u0131n ifadesidir.<\/p>\n","protected":false},"author":1,"featured_media":45,"parent":0,"menu_order":0,"comment_status":"closed","ping_status":"closed","template":"","meta":{"footnotes":""},"class_list":["post-10","page","type-page","status-publish","has-post-thumbnail","hentry"],"_links":{"self":[{"href":"https:\/\/sametozdem.com\/index.php\/wp-json\/wp\/v2\/pages\/10","targetHints":{"allow":["GET"]}}],"collection":[{"href":"https:\/\/sametozdem.com\/index.php\/wp-json\/wp\/v2\/pages"}],"about":[{"href":"https:\/\/sametozdem.com\/index.php\/wp-json\/wp\/v2\/types\/page"}],"author":[{"embeddable":true,"href":"https:\/\/sametozdem.com\/index.php\/wp-json\/wp\/v2\/users\/1"}],"replies":[{"embeddable":true,"href":"https:\/\/sametozdem.com\/index.php\/wp-json\/wp\/v2\/comments?post=10"}],"version-history":[{"count":6,"href":"https:\/\/sametozdem.com\/index.php\/wp-json\/wp\/v2\/pages\/10\/revisions"}],"predecessor-version":[{"id":53,"href":"https:\/\/sametozdem.com\/index.php\/wp-json\/wp\/v2\/pages\/10\/revisions\/53"}],"wp:featuredmedia":[{"embeddable":true,"href":"https:\/\/sametozdem.com\/index.php\/wp-json\/wp\/v2\/media\/45"}],"wp:attachment":[{"href":"https:\/\/sametozdem.com\/index.php\/wp-json\/wp\/v2\/media?parent=10"}],"curies":[{"name":"wp","href":"https:\/\/api.w.org\/{rel}","templated":true}]}}