{"id":12,"date":"2026-04-07T08:52:05","date_gmt":"2026-04-07T08:52:05","guid":{"rendered":"https:\/\/sametozdem.com\/?page_id=12"},"modified":"2026-04-07T08:52:05","modified_gmt":"2026-04-07T08:52:05","slug":"bize-ulasin","status":"publish","type":"page","link":"https:\/\/sametozdem.com\/index.php\/bize-ulasin\/","title":{"rendered":"Bize ula\u015f\u0131n"},"content":{"rendered":"\n<p>Bu sayfada, adres ve telefon numaras\u0131 gibi temel ileti\u015fim bilgileri bulunur. Ayr\u0131ca bir ileti\u015fim formu eklemek i\u00e7in bir eklenti de deneyebilirsiniz.<\/p>\n","protected":false},"excerpt":{"rendered":"<p>Bu sayfada, adres ve telefon numaras\u0131 gibi temel ileti\u015fim bilgileri bulunur. Ayr\u0131ca bir ileti\u015fim formu eklemek i\u00e7in bir eklenti de deneyebilirsiniz.<\/p>\n","protected":false},"author":1,"featured_media":7,"parent":0,"menu_order":0,"comment_status":"closed","ping_status":"closed","template":"","meta":{"footnotes":""},"class_list":["post-12","page","type-page","status-publish","has-post-thumbnail","hentry"],"_links":{"self":[{"href":"https:\/\/sametozdem.com\/index.php\/wp-json\/wp\/v2\/pages\/12","targetHints":{"allow":["GET"]}}],"collection":[{"href":"https:\/\/sametozdem.com\/index.php\/wp-json\/wp\/v2\/pages"}],"about":[{"href":"https:\/\/sametozdem.com\/index.php\/wp-json\/wp\/v2\/types\/page"}],"author":[{"embeddable":true,"href":"https:\/\/sametozdem.com\/index.php\/wp-json\/wp\/v2\/users\/1"}],"replies":[{"embeddable":true,"href":"https:\/\/sametozdem.com\/index.php\/wp-json\/wp\/v2\/comments?post=12"}],"version-history":[{"count":1,"href":"https:\/\/sametozdem.com\/index.php\/wp-json\/wp\/v2\/pages\/12\/revisions"}],"predecessor-version":[{"id":21,"href":"https:\/\/sametozdem.com\/index.php\/wp-json\/wp\/v2\/pages\/12\/revisions\/21"}],"wp:featuredmedia":[{"embeddable":true,"href":"https:\/\/sametozdem.com\/index.php\/wp-json\/wp\/v2\/media\/7"}],"wp:attachment":[{"href":"https:\/\/sametozdem.com\/index.php\/wp-json\/wp\/v2\/media?parent=12"}],"curies":[{"name":"wp","href":"https:\/\/api.w.org\/{rel}","templated":true}]}}