{"id":14,"date":"2026-04-07T08:52:05","date_gmt":"2026-04-07T08:52:05","guid":{"rendered":"https:\/\/sametozdem.com\/?page_id=14"},"modified":"2026-04-07T08:52:05","modified_gmt":"2026-04-07T08:52:05","slug":"bir-giris-sayfasi-bolumu","status":"publish","type":"page","link":"https:\/\/sametozdem.com\/index.php\/bir-giris-sayfasi-bolumu\/","title":{"rendered":"Bir giri\u015f sayfas\u0131 b\u00f6l\u00fcm\u00fc"},"content":{"rendered":"\n<p>Bu \u00f6rnek bir giri\u015f sayfas\u0131 b\u00f6l\u00fcm\u00fcd\u00fcr. Giri\u015f sayfas\u0131 b\u00f6l\u00fcmleri giri\u015f sayfas\u0131n\u0131n d\u0131\u015f\u0131nda herhangi bir sayfa olabilir. Son blog yaz\u0131lar\u0131n\u0131z\u0131 g\u00f6r\u00fcnt\u00fcleyen sayfa ile birlikte.<\/p>\n","protected":false},"excerpt":{"rendered":"<p>Bu \u00f6rnek bir giri\u015f sayfas\u0131 b\u00f6l\u00fcm\u00fcd\u00fcr. Giri\u015f sayfas\u0131 b\u00f6l\u00fcmleri giri\u015f sayfas\u0131n\u0131n d\u0131\u015f\u0131nda herhangi bir sayfa olabilir. Son blog yaz\u0131lar\u0131n\u0131z\u0131 g\u00f6r\u00fcnt\u00fcleyen sayfa ile birlikte.<\/p>\n","protected":false},"author":1,"featured_media":7,"parent":0,"menu_order":0,"comment_status":"closed","ping_status":"closed","template":"","meta":{"footnotes":""},"class_list":["post-14","page","type-page","status-publish","has-post-thumbnail","hentry"],"_links":{"self":[{"href":"https:\/\/sametozdem.com\/index.php\/wp-json\/wp\/v2\/pages\/14","targetHints":{"allow":["GET"]}}],"collection":[{"href":"https:\/\/sametozdem.com\/index.php\/wp-json\/wp\/v2\/pages"}],"about":[{"href":"https:\/\/sametozdem.com\/index.php\/wp-json\/wp\/v2\/types\/page"}],"author":[{"embeddable":true,"href":"https:\/\/sametozdem.com\/index.php\/wp-json\/wp\/v2\/users\/1"}],"replies":[{"embeddable":true,"href":"https:\/\/sametozdem.com\/index.php\/wp-json\/wp\/v2\/comments?post=14"}],"version-history":[{"count":1,"href":"https:\/\/sametozdem.com\/index.php\/wp-json\/wp\/v2\/pages\/14\/revisions"}],"predecessor-version":[{"id":23,"href":"https:\/\/sametozdem.com\/index.php\/wp-json\/wp\/v2\/pages\/14\/revisions\/23"}],"wp:featuredmedia":[{"embeddable":true,"href":"https:\/\/sametozdem.com\/index.php\/wp-json\/wp\/v2\/media\/7"}],"wp:attachment":[{"href":"https:\/\/sametozdem.com\/index.php\/wp-json\/wp\/v2\/media?parent=14"}],"curies":[{"name":"wp","href":"https:\/\/api.w.org\/{rel}","templated":true}]}}